{"id":88,"date":"2021-06-03T14:20:51","date_gmt":"2021-06-03T14:20:51","guid":{"rendered":"https:\/\/bleudumaine.nl\/?page_id=88"},"modified":"2025-01-02T14:05:54","modified_gmt":"2025-01-02T13:05:54","slug":"het-ras","status":"publish","type":"page","link":"https:\/\/bleudumaine.nl\/fr\/het-ras\/","title":{"rendered":"La course"},"content":{"rendered":"<div data-elementor-type=\"wp-page\" data-elementor-id=\"88\" class=\"elementor elementor-88\">\n\t\t\t\t\t\t<section class=\"elementor-section elementor-top-section elementor-element elementor-element-3d152fe elementor-section-height-min-height elementor-section-boxed elementor-section-height-default elementor-section-items-middle\" data-id=\"3d152fe\" data-element_type=\"section\" data-settings=\"{&quot;background_background&quot;:&quot;classic&quot;}\">\n\t\t\t\t\t\t\t<div class=\"elementor-background-overlay\"><\/div>\n\t\t\t\t\t\t\t<div class=\"elementor-container elementor-column-gap-default\">\n\t\t\t\t\t<div class=\"elementor-column elementor-col-100 elementor-top-column elementor-element elementor-element-6716af5\" data-id=\"6716af5\" data-element_type=\"column\">\n\t\t\t<div class=\"elementor-widget-wrap elementor-element-populated\">\n\t\t\t\t\t\t<div class=\"elementor-element elementor-element-ffb87be elementor-widget elementor-widget-heading\" data-id=\"ffb87be\" data-element_type=\"widget\" data-widget_type=\"heading.default\">\n\t\t\t\t<div class=\"elementor-widget-container\">\n\t\t\t\t\t<h1 class=\"elementor-heading-title elementor-size-default\">La course<\/h1>\t\t\t\t<\/div>\n\t\t\t\t<\/div>\n\t\t\t\t\t<\/div>\n\t\t<\/div>\n\t\t\t\t\t<\/div>\n\t\t<\/section>\n\t\t\t\t<section class=\"elementor-section elementor-top-section elementor-element elementor-element-ebae148 elementor-section-boxed elementor-section-height-default elementor-section-height-default\" data-id=\"ebae148\" data-element_type=\"section\">\n\t\t\t\t\t\t<div class=\"elementor-container elementor-column-gap-default\">\n\t\t\t\t\t<div class=\"elementor-column elementor-col-100 elementor-top-column elementor-element elementor-element-c48a604\" data-id=\"c48a604\" data-element_type=\"column\">\n\t\t\t<div class=\"elementor-widget-wrap elementor-element-populated\">\n\t\t\t\t\t\t<div class=\"elementor-element elementor-element-1098a18 elementor-widget elementor-widget-text-editor\" data-id=\"1098a18\" data-element_type=\"widget\" data-widget_type=\"text-editor.default\">\n\t\t\t\t<div class=\"elementor-widget-container\">\n\t\t\t\t\t\t\t\t\tLe Bleu du Maine, initialement appel\u00e9 Mounton Bleu, est n\u00e9 \u00e0 la fin du si\u00e8cle dernier d&#039;un croisement entre le Chotelais et le Leicester ou le Chotelais et le Websleydale. C&#039;est une excellente race de p\u00e2turage et un grand mouton avec beaucoup de volume. On ne sait pas quel croisement a caus\u00e9 la t\u00eate bleue. Une s\u00e9lection extr\u00eamement stricte lui a permis de devenir l&#039;une des vari\u00e9t\u00e9s les plus productives au monde.\t\t\t\t\t\t\t\t<\/div>\n\t\t\t\t<\/div>\n\t\t\t\t\t<\/div>\n\t\t<\/div>\n\t\t\t\t\t<\/div>\n\t\t<\/section>\n\t\t\t\t<section class=\"elementor-section elementor-top-section elementor-element elementor-element-238a857 elementor-section-boxed elementor-section-height-default elementor-section-height-default\" data-id=\"238a857\" data-element_type=\"section\">\n\t\t\t\t\t\t<div class=\"elementor-container elementor-column-gap-default\">\n\t\t\t\t\t<div class=\"elementor-column elementor-col-66 elementor-top-column elementor-element elementor-element-bb558db\" data-id=\"bb558db\" data-element_type=\"column\">\n\t\t\t<div class=\"elementor-widget-wrap elementor-element-populated\">\n\t\t\t\t\t\t<div class=\"elementor-element elementor-element-58e88a7 elementor-widget elementor-widget-heading\" data-id=\"58e88a7\" data-element_type=\"widget\" data-widget_type=\"heading.default\">\n\t\t\t\t<div class=\"elementor-widget-container\">\n\t\t\t\t\t<h2 class=\"elementor-heading-title elementor-size-default\">programme d&#039;\u00e9levage<\/h2>\t\t\t\t<\/div>\n\t\t\t\t<\/div>\n\t\t\t\t<div class=\"elementor-element elementor-element-42b97fd elementor-widget elementor-widget-text-editor\" data-id=\"42b97fd\" data-element_type=\"widget\" data-widget_type=\"text-editor.default\">\n\t\t\t\t<div class=\"elementor-widget-container\">\n\t\t\t\t\t\t\t\t\tLa premi\u00e8re association des \u00e9leveurs de Mounton Bleu a \u00e9t\u00e9 fond\u00e9e \u00e0 la fin des ann\u00e9es 1920. Le stud-book, qui a \u00e9t\u00e9 fond\u00e9 en 1938, a \u00e9t\u00e9 reconnu pour la premi\u00e8re fois en 1948. A cette \u00e9poque, un standard avait d\u00e9j\u00e0 \u00e9t\u00e9 \u00e9labor\u00e9 pour ancrer les caract\u00e9ristiques recherch\u00e9es de la race \u00e0 partir du mat\u00e9riel crois\u00e9. Les Bleu du Maine sont les moutons viande-laine par excellence. Si les jeunes brebis p\u00e8sent plus de 45 kg au moment de l&#039;accouplement, elles donnent naissance \u00e0 des agneaux d\u00e8s la premi\u00e8re ann\u00e9e dans 90% des cas. Il a \u00e9t\u00e9 \u00e9tabli que 65% des agnelles le fait d\u00e9j\u00e0 la premi\u00e8re ann\u00e9e sans cette condition. On peut donc sans doute parler d&#039;une vari\u00e9t\u00e9 qui atteint la maturit\u00e9 sexuelle pr\u00e9cocement.\t\t\t\t\t\t\t\t<\/div>\n\t\t\t\t<\/div>\n\t\t\t\t<div class=\"elementor-element elementor-element-9ccb8a7 elementor-widget elementor-widget-text-editor\" data-id=\"9ccb8a7\" data-element_type=\"widget\" data-widget_type=\"text-editor.default\">\n\t\t\t\t<div class=\"elementor-widget-container\">\n\t\t\t\t\t\t\t\t\t<p>Fertile? Le Bleu du Maine l&#039;est assur\u00e9ment : une moyenne de 2,20 agneaux par brebis de race et sur les meilleurs \u00e9levages de race une moyenne de 2,42 agneaux par brebis est m\u00eame atteinte. La brebis peut facilement t\u00e9ter les petits, en partie gr\u00e2ce \u00e0 la richesse naturelle du lait. C&#039;est aussi la cause de la prise de poids r\u00e9elle entre le 10e et le 30e jour de vie d&#039;une moyenne de 280 grammes par jour. Compte tenu du faible poids \u00e0 la naissance de 3,5 \u00e0 4 kg, ce n&#039;est pas mal. Une autre bonne qualit\u00e9 (\u00e9conomique) est la long\u00e9vit\u00e9 de la vari\u00e9t\u00e9. Il y a suffisamment d&#039;\u00e9leveurs qui parfois n&#039;ont pas \u00e0 remplacer une seule brebis pendant un an.<\/p>\t\t\t\t\t\t\t\t<\/div>\n\t\t\t\t<\/div>\n\t\t\t\t\t<\/div>\n\t\t<\/div>\n\t\t\t\t<div class=\"elementor-column elementor-col-33 elementor-top-column elementor-element elementor-element-4f3c003\" data-id=\"4f3c003\" data-element_type=\"column\">\n\t\t\t<div class=\"elementor-widget-wrap elementor-element-populated\">\n\t\t\t\t\t\t<div class=\"elementor-element elementor-element-18101e0 elementor-widget elementor-widget-image\" data-id=\"18101e0\" data-element_type=\"widget\" data-widget_type=\"image.default\">\n\t\t\t\t<div class=\"elementor-widget-container\">\n\t\t\t\t\t\t\t\t\t\t\t\t\t\t\t<img fetchpriority=\"high\" decoding=\"async\" width=\"1600\" height=\"1498\" src=\"https:\/\/bleudumaine.nl\/wp-content\/uploads\/2025\/01\/IMG-20241102-WA0005.jpg\" class=\"attachment-full size-full wp-image-4525\" alt=\"\" srcset=\"https:\/\/bleudumaine.nl\/wp-content\/uploads\/2025\/01\/IMG-20241102-WA0005.jpg.webp 1600w, https:\/\/bleudumaine.nl\/wp-content\/uploads\/2025\/01\/IMG-20241102-WA0005-300x281.jpg.webp 300w, https:\/\/bleudumaine.nl\/wp-content\/uploads\/2025\/01\/IMG-20241102-WA0005-1024x959.jpg.webp 1024w, https:\/\/bleudumaine.nl\/wp-content\/uploads\/2025\/01\/IMG-20241102-WA0005-768x719.jpg.webp 768w, https:\/\/bleudumaine.nl\/wp-content\/uploads\/2025\/01\/IMG-20241102-WA0005-1536x1438.jpg.webp 1536w, https:\/\/bleudumaine.nl\/wp-content\/uploads\/2025\/01\/IMG-20241102-WA0005-13x12.jpg.webp 13w\" sizes=\"(max-width: 1600px) 100vw, 1600px\" \/>\t\t\t\t\t\t\t\t\t\t\t\t\t\t\t<\/div>\n\t\t\t\t<\/div>\n\t\t\t\t\t<\/div>\n\t\t<\/div>\n\t\t\t\t\t<\/div>\n\t\t<\/section>\n\t\t\t\t<section class=\"elementor-section elementor-top-section elementor-element elementor-element-96a3490 elementor-section-boxed elementor-section-height-default elementor-section-height-default\" data-id=\"96a3490\" data-element_type=\"section\">\n\t\t\t\t\t\t<div class=\"elementor-container elementor-column-gap-default\">\n\t\t\t\t\t<div class=\"elementor-column elementor-col-100 elementor-top-column elementor-element elementor-element-7536c29\" data-id=\"7536c29\" data-element_type=\"column\">\n\t\t\t<div class=\"elementor-widget-wrap elementor-element-populated\">\n\t\t\t\t\t\t<div class=\"elementor-element elementor-element-4a1e97f elementor-widget elementor-widget-text-editor\" data-id=\"4a1e97f\" data-element_type=\"widget\" data-widget_type=\"text-editor.default\">\n\t\t\t\t<div class=\"elementor-widget-container\">\n\t\t\t\t\t\t\t\t\t<p>En France, le programme de s\u00e9lection pour am\u00e9liorer la g\u00e9n\u00e9tique porte principalement sur la fertilit\u00e9 des brebis. La variation de la f\u00e9condit\u00e9 m\u00e9rite encore beaucoup d&#039;attention. Comme mentionn\u00e9, le Bleu du maine a une forte teneur en lait. Cela permet d&#039;avoir un plus grand nombre d&#039;agneaux par port\u00e9e. La vari\u00e9t\u00e9 convient aux hybrides de production (croisements qui augmentent les rendements) et l&#039;accent est donc mis sur le d\u00e9veloppement des caract\u00e8res pour la production de viande.<\/p>\t\t\t\t\t\t\t\t<\/div>\n\t\t\t\t<\/div>\n\t\t\t\t\t<\/div>\n\t\t<\/div>\n\t\t\t\t\t<\/div>\n\t\t<\/section>\n\t\t\t\t<section class=\"elementor-section elementor-top-section elementor-element elementor-element-4e6b74d elementor-section-boxed elementor-section-height-default elementor-section-height-default\" data-id=\"4e6b74d\" data-element_type=\"section\" data-settings=\"{&quot;background_background&quot;:&quot;classic&quot;}\">\n\t\t\t\t\t\t<div class=\"elementor-container elementor-column-gap-default\">\n\t\t\t\t\t<div class=\"elementor-column elementor-col-100 elementor-top-column elementor-element elementor-element-6ddf99e\" data-id=\"6ddf99e\" data-element_type=\"column\">\n\t\t\t<div class=\"elementor-widget-wrap elementor-element-populated\">\n\t\t\t\t\t\t<section class=\"elementor-section elementor-inner-section elementor-element elementor-element-27c07d5 elementor-section-boxed elementor-section-height-default elementor-section-height-default\" data-id=\"27c07d5\" data-element_type=\"section\">\n\t\t\t\t\t\t<div class=\"elementor-container elementor-column-gap-default\">\n\t\t\t\t\t<div class=\"elementor-column elementor-col-66 elementor-inner-column elementor-element elementor-element-8c508bd\" data-id=\"8c508bd\" data-element_type=\"column\" data-settings=\"{&quot;background_background&quot;:&quot;classic&quot;}\">\n\t\t\t<div class=\"elementor-widget-wrap elementor-element-populated\">\n\t\t\t\t\t\t<div class=\"elementor-element elementor-element-afa22a2 elementor-widget elementor-widget-heading\" data-id=\"afa22a2\" data-element_type=\"widget\" data-widget_type=\"heading.default\">\n\t\t\t\t<div class=\"elementor-widget-container\">\n\t\t\t\t\t<h2 class=\"elementor-heading-title elementor-size-default\">Caract\u00e9ristiques de la race<\/h2>\t\t\t\t<\/div>\n\t\t\t\t<\/div>\n\t\t\t\t<div class=\"elementor-element elementor-element-f6545c1 elementor-widget elementor-widget-text-editor\" data-id=\"f6545c1\" data-element_type=\"widget\" data-widget_type=\"text-editor.default\">\n\t\t\t\t<div class=\"elementor-widget-container\">\n\t\t\t\t\t\t\t\t\t<strong>bleu du maine<\/strong> \u00a0mouton sans cornes avec un front large et bleu fonc\u00e9.\t\t\t\t\t\t\t\t<\/div>\n\t\t\t\t<\/div>\n\t\t\t\t<div class=\"elementor-element elementor-element-a036cdc elementor-widget elementor-widget-text-editor\" data-id=\"a036cdc\" data-element_type=\"widget\" data-widget_type=\"text-editor.default\">\n\t\t\t\t<div class=\"elementor-widget-container\">\n\t\t\t\t\t\t\t\t\t<strong>Diriger<\/strong> \u00a0polled, bleu fonc\u00e9, le front large et sans laine, le nez large est l\u00e9g\u00e8rement arqu\u00e9, les orbites oculaires saillantes vers l&#039;avant, les oreilles bleu fonc\u00e9 sont longues, attach\u00e9es haut et non pendantes.\t\t\t\t\t\t\t\t<\/div>\n\t\t\t\t<\/div>\n\t\t\t\t<div class=\"elementor-element elementor-element-f57b658 elementor-widget elementor-widget-text-editor\" data-id=\"f57b658\" data-element_type=\"widget\" data-widget_type=\"text-editor.default\">\n\t\t\t\t<div class=\"elementor-widget-container\">\n\t\t\t\t\t\t\t\t\t<strong>Cou<\/strong> \u00a0est de taille moyenne et bien plac\u00e9 sur de larges \u00e9paules.\t\t\t\t\t\t\t\t<\/div>\n\t\t\t\t<\/div>\n\t\t\t\t<div class=\"elementor-element elementor-element-e7cd50e elementor-widget elementor-widget-text-editor\" data-id=\"e7cd50e\" data-element_type=\"widget\" data-widget_type=\"text-editor.default\">\n\t\t\t\t<div class=\"elementor-widget-container\">\n\t\t\t\t\t\t\t\t\t<strong>\u00c9paules<\/strong> \u00a0sont fortement muscl\u00e9s et l\u00e9g\u00e8rement dress\u00e9s, tandis que la poitrine est large et profonde.\t\t\t\t\t\t\t\t<\/div>\n\t\t\t\t<\/div>\n\t\t\t\t<div class=\"elementor-element elementor-element-17522f1 elementor-widget elementor-widget-text-editor\" data-id=\"17522f1\" data-element_type=\"widget\" data-widget_type=\"text-editor.default\">\n\t\t\t\t<div class=\"elementor-widget-container\">\n\t\t\t\t\t\t\t\t\t<strong>Dos<\/strong> \u00a0est droit et r\u00e9gulier, les reins longs et larges dans la croupe et la queue basse.\t\t\t\t\t\t\t\t<\/div>\n\t\t\t\t<\/div>\n\t\t\t\t<div class=\"elementor-element elementor-element-ffda5cb elementor-widget elementor-widget-text-editor\" data-id=\"ffda5cb\" data-element_type=\"widget\" data-widget_type=\"text-editor.default\">\n\t\t\t\t<div class=\"elementor-widget-container\">\n\t\t\t\t\t\t\t\t\t<strong>Masse<\/strong> \u00a0le poids moyen des b\u00e9liers est de 110-120 kg et celui des brebis de 80-90 kg.\t\t\t\t\t\t\t\t<\/div>\n\t\t\t\t<\/div>\n\t\t\t\t<div class=\"elementor-element elementor-element-1c7401a elementor-widget elementor-widget-text-editor\" data-id=\"1c7401a\" data-element_type=\"widget\" data-widget_type=\"text-editor.default\">\n\t\t\t\t<div class=\"elementor-widget-container\">\n\t\t\t\t\t\t\t\t\t<strong>Les jambes<\/strong>\u00a0 correct et sans nuages, les pattes avant droites sous le genou, les pattes arri\u00e8re droites sous la bo\u00eete avec un jarret clair.\t\t\t\t\t\t\t\t<\/div>\n\t\t\t\t<\/div>\n\t\t\t\t<div class=\"elementor-element elementor-element-4b34f08 elementor-widget elementor-widget-text-editor\" data-id=\"4b34f08\" data-element_type=\"widget\" data-widget_type=\"text-editor.default\">\n\t\t\t\t<div class=\"elementor-widget-container\">\n\t\t\t\t\t\t\t\t\t<strong>La laine<\/strong>\u00a0 blanche sur tout le corps, sauf la t\u00eate et les pattes, la fibre de laine droite libre mesure 8 \u00e0 10 cm de long et a une \u00e9paisseur de 27 \u00e0 30 microns.\t\t\t\t\t\t\t\t<\/div>\n\t\t\t\t<\/div>\n\t\t\t\t\t<\/div>\n\t\t<\/div>\n\t\t\t\t<div class=\"elementor-column elementor-col-33 elementor-inner-column elementor-element elementor-element-7999be4\" data-id=\"7999be4\" data-element_type=\"column\">\n\t\t\t<div class=\"elementor-widget-wrap\">\n\t\t\t\t\t\t\t<\/div>\n\t\t<\/div>\n\t\t\t\t\t<\/div>\n\t\t<\/section>\n\t\t\t\t\t<\/div>\n\t\t<\/div>\n\t\t\t\t\t<\/div>\n\t\t<\/section>\n\t\t\t\t<\/div>","protected":false},"excerpt":{"rendered":"<p>Het ras De Bleu du Maine, in het beginstadium Mounton Bleu genaamd, is aan het eind van de vorige eeuw ontstaan uit een kruising tussen de Chotelais en de Leicester [&hellip;]<\/p>","protected":false},"author":1,"featured_media":0,"parent":0,"menu_order":0,"comment_status":"closed","ping_status":"closed","template":"","meta":{"site-sidebar-layout":"no-sidebar","site-content-layout":"page-builder","ast-site-content-layout":"default","site-content-style":"default","site-sidebar-style":"default","ast-global-header-display":"","ast-banner-title-visibility":"","ast-main-header-display":"","ast-hfb-above-header-display":"","ast-hfb-below-header-display":"","ast-hfb-mobile-header-display":"","site-post-title":"disabled","ast-breadcrumbs-content":"","ast-featured-img":"disabled","footer-sml-layout":"","theme-transparent-header-meta":"default","adv-header-id-meta":"","stick-header-meta":"","header-above-stick-meta":"","header-main-stick-meta":"","header-below-stick-meta":"","astra-migrate-meta-layouts":"default","ast-page-background-enabled":"default","ast-page-background-meta":{"desktop":{"background-color":"","background-image":"","background-repeat":"repeat","background-position":"center center","background-size":"auto","background-attachment":"scroll","background-type":"","background-media":"","overlay-type":"","overlay-color":"","overlay-opacity":"","overlay-gradient":""},"tablet":{"background-color":"","background-image":"","background-repeat":"repeat","background-position":"center center","background-size":"auto","background-attachment":"scroll","background-type":"","background-media":"","overlay-type":"","overlay-color":"","overlay-opacity":"","overlay-gradient":""},"mobile":{"background-color":"","background-image":"","background-repeat":"repeat","background-position":"center center","background-size":"auto","background-attachment":"scroll","background-type":"","background-media":"","overlay-type":"","overlay-color":"","overlay-opacity":"","overlay-gradient":""}},"ast-content-background-meta":{"desktop":{"background-color":"var(--ast-global-color-5)","background-image":"","background-repeat":"repeat","background-position":"center center","background-size":"auto","background-attachment":"scroll","background-type":"","background-media":"","overlay-type":"","overlay-color":"","overlay-opacity":"","overlay-gradient":""},"tablet":{"background-color":"var(--ast-global-color-5)","background-image":"","background-repeat":"repeat","background-position":"center center","background-size":"auto","background-attachment":"scroll","background-type":"","background-media":"","overlay-type":"","overlay-color":"","overlay-opacity":"","overlay-gradient":""},"mobile":{"background-color":"var(--ast-global-color-5)","background-image":"","background-repeat":"repeat","background-position":"center center","background-size":"auto","background-attachment":"scroll","background-type":"","background-media":"","overlay-type":"","overlay-color":"","overlay-opacity":"","overlay-gradient":""}},"footnotes":""},"class_list":["post-88","page","type-page","status-publish","hentry"],"yoast_head":"<!-- This site is optimized with the Yoast SEO plugin v27.3 - https:\/\/yoast.com\/product\/yoast-seo-wordpress\/ -->\n<title>Het ras - Stamboek Bleu du maine<\/title>\n<meta name=\"description\" content=\"De Bleu du Maine is aan het eind van de vorige eeuw ontstaan uit een kruising tussen de Chotelais, de Leicester of de Chotelais en de Websleydale.\" \/>\n<meta name=\"robots\" content=\"index, follow, max-snippet:-1, max-image-preview:large, max-video-preview:-1\" \/>\n<link rel=\"canonical\" href=\"https:\/\/bleudumaine.nl\/fr\/het-ras\/\" \/>\n<meta property=\"og:locale\" content=\"fr_FR\" \/>\n<meta property=\"og:type\" content=\"article\" \/>\n<meta property=\"og:title\" content=\"Het ras - Stamboek Bleu du maine\" \/>\n<meta property=\"og:description\" content=\"De Bleu du Maine is aan het eind van de vorige eeuw ontstaan uit een kruising tussen de Chotelais, de Leicester of de Chotelais en de Websleydale.\" \/>\n<meta property=\"og:url\" content=\"https:\/\/bleudumaine.nl\/fr\/het-ras\/\" \/>\n<meta property=\"og:site_name\" content=\"Stamboek Bleu du maine\" \/>\n<meta property=\"article:modified_time\" content=\"2025-01-02T13:05:54+00:00\" \/>\n<meta property=\"og:image\" content=\"https:\/\/bleudumaine.nl\/wp-content\/uploads\/2025\/01\/IMG-20241102-WA0005.jpg\" \/>\n\t<meta property=\"og:image:width\" content=\"1600\" \/>\n\t<meta property=\"og:image:height\" content=\"1498\" \/>\n\t<meta property=\"og:image:type\" content=\"image\/jpeg\" \/>\n<meta name=\"twitter:card\" content=\"summary_large_image\" \/>\n<meta name=\"twitter:label1\" content=\"Dur\u00e9e de lecture estim\u00e9e\" \/>\n\t<meta name=\"twitter:data1\" content=\"3 minutes\" \/>\n<script type=\"application\/ld+json\" class=\"yoast-schema-graph\">{\"@context\":\"https:\\\/\\\/schema.org\",\"@graph\":[{\"@type\":\"WebPage\",\"@id\":\"https:\\\/\\\/bleudumaine.nl\\\/het-ras\\\/\",\"url\":\"https:\\\/\\\/bleudumaine.nl\\\/het-ras\\\/\",\"name\":\"Het ras - Stamboek Bleu du maine\",\"isPartOf\":{\"@id\":\"https:\\\/\\\/bleudumaine.nl\\\/#website\"},\"primaryImageOfPage\":{\"@id\":\"https:\\\/\\\/bleudumaine.nl\\\/het-ras\\\/#primaryimage\"},\"image\":{\"@id\":\"https:\\\/\\\/bleudumaine.nl\\\/het-ras\\\/#primaryimage\"},\"thumbnailUrl\":\"https:\\\/\\\/bleudumaine.nl\\\/wp-content\\\/uploads\\\/2025\\\/01\\\/IMG-20241102-WA0005.jpg\",\"datePublished\":\"2021-06-03T14:20:51+00:00\",\"dateModified\":\"2025-01-02T13:05:54+00:00\",\"description\":\"De Bleu du Maine is aan het eind van de vorige eeuw ontstaan uit een kruising tussen de Chotelais, de Leicester of de Chotelais en de Websleydale.\",\"breadcrumb\":{\"@id\":\"https:\\\/\\\/bleudumaine.nl\\\/het-ras\\\/#breadcrumb\"},\"inLanguage\":\"fr-FR\",\"potentialAction\":[{\"@type\":\"ReadAction\",\"target\":[\"https:\\\/\\\/bleudumaine.nl\\\/het-ras\\\/\"]}]},{\"@type\":\"ImageObject\",\"inLanguage\":\"fr-FR\",\"@id\":\"https:\\\/\\\/bleudumaine.nl\\\/het-ras\\\/#primaryimage\",\"url\":\"https:\\\/\\\/bleudumaine.nl\\\/wp-content\\\/uploads\\\/2025\\\/01\\\/IMG-20241102-WA0005.jpg\",\"contentUrl\":\"https:\\\/\\\/bleudumaine.nl\\\/wp-content\\\/uploads\\\/2025\\\/01\\\/IMG-20241102-WA0005.jpg\"},{\"@type\":\"BreadcrumbList\",\"@id\":\"https:\\\/\\\/bleudumaine.nl\\\/het-ras\\\/#breadcrumb\",\"itemListElement\":[{\"@type\":\"ListItem\",\"position\":1,\"name\":\"Home\",\"item\":\"https:\\\/\\\/bleudumaine.nl\\\/\"},{\"@type\":\"ListItem\",\"position\":2,\"name\":\"Het ras\"}]},{\"@type\":\"WebSite\",\"@id\":\"https:\\\/\\\/bleudumaine.nl\\\/#website\",\"url\":\"https:\\\/\\\/bleudumaine.nl\\\/\",\"name\":\"Stamboek Bleu du maine\",\"description\":\"Actief\",\"publisher\":{\"@id\":\"https:\\\/\\\/bleudumaine.nl\\\/#organization\"},\"potentialAction\":[{\"@type\":\"SearchAction\",\"target\":{\"@type\":\"EntryPoint\",\"urlTemplate\":\"https:\\\/\\\/bleudumaine.nl\\\/?s={search_term_string}\"},\"query-input\":{\"@type\":\"PropertyValueSpecification\",\"valueRequired\":true,\"valueName\":\"search_term_string\"}}],\"inLanguage\":\"fr-FR\"},{\"@type\":\"Organization\",\"@id\":\"https:\\\/\\\/bleudumaine.nl\\\/#organization\",\"name\":\"Bleu du Maine\",\"url\":\"https:\\\/\\\/bleudumaine.nl\\\/\",\"logo\":{\"@type\":\"ImageObject\",\"inLanguage\":\"fr-FR\",\"@id\":\"https:\\\/\\\/bleudumaine.nl\\\/#\\\/schema\\\/logo\\\/image\\\/\",\"url\":\"https:\\\/\\\/bleudumaine.nl\\\/wp-content\\\/uploads\\\/2021\\\/06\\\/cropped-Logo-Bleu-du-maine-blauw.png\",\"contentUrl\":\"https:\\\/\\\/bleudumaine.nl\\\/wp-content\\\/uploads\\\/2021\\\/06\\\/cropped-Logo-Bleu-du-maine-blauw.png\",\"width\":1250,\"height\":730,\"caption\":\"Bleu du Maine\"},\"image\":{\"@id\":\"https:\\\/\\\/bleudumaine.nl\\\/#\\\/schema\\\/logo\\\/image\\\/\"}}]}<\/script>\n<!-- \/ Yoast SEO plugin. -->","yoast_head_json":{"title":"Het ras - Stamboek Bleu du maine","description":"De Bleu du Maine is aan het eind van de vorige eeuw ontstaan uit een kruising tussen de Chotelais, de Leicester of de Chotelais en de Websleydale.","robots":{"index":"index","follow":"follow","max-snippet":"max-snippet:-1","max-image-preview":"max-image-preview:large","max-video-preview":"max-video-preview:-1"},"canonical":"https:\/\/bleudumaine.nl\/fr\/het-ras\/","og_locale":"fr_FR","og_type":"article","og_title":"Het ras - Stamboek Bleu du maine","og_description":"De Bleu du Maine is aan het eind van de vorige eeuw ontstaan uit een kruising tussen de Chotelais, de Leicester of de Chotelais en de Websleydale.","og_url":"https:\/\/bleudumaine.nl\/fr\/het-ras\/","og_site_name":"Stamboek Bleu du maine","article_modified_time":"2025-01-02T13:05:54+00:00","og_image":[{"width":1600,"height":1498,"url":"https:\/\/bleudumaine.nl\/wp-content\/uploads\/2025\/01\/IMG-20241102-WA0005.jpg","type":"image\/jpeg"}],"twitter_card":"summary_large_image","twitter_misc":{"Dur\u00e9e de lecture estim\u00e9e":"3 minutes"},"schema":{"@context":"https:\/\/schema.org","@graph":[{"@type":"WebPage","@id":"https:\/\/bleudumaine.nl\/het-ras\/","url":"https:\/\/bleudumaine.nl\/het-ras\/","name":"Het ras - Stamboek Bleu du maine","isPartOf":{"@id":"https:\/\/bleudumaine.nl\/#website"},"primaryImageOfPage":{"@id":"https:\/\/bleudumaine.nl\/het-ras\/#primaryimage"},"image":{"@id":"https:\/\/bleudumaine.nl\/het-ras\/#primaryimage"},"thumbnailUrl":"https:\/\/bleudumaine.nl\/wp-content\/uploads\/2025\/01\/IMG-20241102-WA0005.jpg","datePublished":"2021-06-03T14:20:51+00:00","dateModified":"2025-01-02T13:05:54+00:00","description":"De Bleu du Maine is aan het eind van de vorige eeuw ontstaan uit een kruising tussen de Chotelais, de Leicester of de Chotelais en de Websleydale.","breadcrumb":{"@id":"https:\/\/bleudumaine.nl\/het-ras\/#breadcrumb"},"inLanguage":"fr-FR","potentialAction":[{"@type":"ReadAction","target":["https:\/\/bleudumaine.nl\/het-ras\/"]}]},{"@type":"ImageObject","inLanguage":"fr-FR","@id":"https:\/\/bleudumaine.nl\/het-ras\/#primaryimage","url":"https:\/\/bleudumaine.nl\/wp-content\/uploads\/2025\/01\/IMG-20241102-WA0005.jpg","contentUrl":"https:\/\/bleudumaine.nl\/wp-content\/uploads\/2025\/01\/IMG-20241102-WA0005.jpg"},{"@type":"BreadcrumbList","@id":"https:\/\/bleudumaine.nl\/het-ras\/#breadcrumb","itemListElement":[{"@type":"ListItem","position":1,"name":"Home","item":"https:\/\/bleudumaine.nl\/"},{"@type":"ListItem","position":2,"name":"Het ras"}]},{"@type":"WebSite","@id":"https:\/\/bleudumaine.nl\/#website","url":"https:\/\/bleudumaine.nl\/","name":"Stamboek Bleu du maine","description":"Actif","publisher":{"@id":"https:\/\/bleudumaine.nl\/#organization"},"potentialAction":[{"@type":"SearchAction","target":{"@type":"EntryPoint","urlTemplate":"https:\/\/bleudumaine.nl\/?s={search_term_string}"},"query-input":{"@type":"PropertyValueSpecification","valueRequired":true,"valueName":"search_term_string"}}],"inLanguage":"fr-FR"},{"@type":"Organization","@id":"https:\/\/bleudumaine.nl\/#organization","name":"Bleu du Maine","url":"https:\/\/bleudumaine.nl\/","logo":{"@type":"ImageObject","inLanguage":"fr-FR","@id":"https:\/\/bleudumaine.nl\/#\/schema\/logo\/image\/","url":"https:\/\/bleudumaine.nl\/wp-content\/uploads\/2021\/06\/cropped-Logo-Bleu-du-maine-blauw.png","contentUrl":"https:\/\/bleudumaine.nl\/wp-content\/uploads\/2021\/06\/cropped-Logo-Bleu-du-maine-blauw.png","width":1250,"height":730,"caption":"Bleu du Maine"},"image":{"@id":"https:\/\/bleudumaine.nl\/#\/schema\/logo\/image\/"}}]}},"_links":{"self":[{"href":"https:\/\/bleudumaine.nl\/fr\/wp-json\/wp\/v2\/pages\/88","targetHints":{"allow":["GET"]}}],"collection":[{"href":"https:\/\/bleudumaine.nl\/fr\/wp-json\/wp\/v2\/pages"}],"about":[{"href":"https:\/\/bleudumaine.nl\/fr\/wp-json\/wp\/v2\/types\/page"}],"author":[{"embeddable":true,"href":"https:\/\/bleudumaine.nl\/fr\/wp-json\/wp\/v2\/users\/1"}],"replies":[{"embeddable":true,"href":"https:\/\/bleudumaine.nl\/fr\/wp-json\/wp\/v2\/comments?post=88"}],"version-history":[{"count":77,"href":"https:\/\/bleudumaine.nl\/fr\/wp-json\/wp\/v2\/pages\/88\/revisions"}],"predecessor-version":[{"id":4528,"href":"https:\/\/bleudumaine.nl\/fr\/wp-json\/wp\/v2\/pages\/88\/revisions\/4528"}],"wp:attachment":[{"href":"https:\/\/bleudumaine.nl\/fr\/wp-json\/wp\/v2\/media?parent=88"}],"curies":[{"name":"wp","href":"https:\/\/api.w.org\/{rel}","templated":true}]}}