{"id":1439,"date":"2022-03-05T00:29:44","date_gmt":"2022-03-04T23:29:44","guid":{"rendered":"https:\/\/bleudumaine.nl\/?page_id=1439"},"modified":"2024-01-24T18:51:34","modified_gmt":"2024-01-24T17:51:34","slug":"cookie-policy","status":"publish","type":"page","link":"https:\/\/bleudumaine.nl\/fr\/cookie-policy\/","title":{"rendered":"Politique relative aux cookies"},"content":{"rendered":"<div data-elementor-type=\"wp-page\" data-elementor-id=\"1439\" class=\"elementor elementor-1439\">\n\t\t\t\t\t\t<section class=\"elementor-section elementor-top-section elementor-element elementor-element-51db9e2 elementor-section-boxed elementor-section-height-default elementor-section-height-default\" data-id=\"51db9e2\" data-element_type=\"section\">\n\t\t\t\t\t\t<div class=\"elementor-container elementor-column-gap-default\">\n\t\t\t\t\t<div class=\"elementor-column elementor-col-100 elementor-top-column elementor-element elementor-element-baf4b27\" data-id=\"baf4b27\" data-element_type=\"column\">\n\t\t\t<div class=\"elementor-widget-wrap elementor-element-populated\">\n\t\t\t\t\t\t<div class=\"elementor-element elementor-element-e5db457 elementor-widget elementor-widget-heading\" data-id=\"e5db457\" data-element_type=\"widget\" data-widget_type=\"heading.default\">\n\t\t\t\t<div class=\"elementor-widget-container\">\n\t\t\t\t\t<h2 class=\"elementor-heading-title elementor-size-default\">\u00c0 propos de cette politique de cookies<\/h2>\t\t\t\t<\/div>\n\t\t\t\t<\/div>\n\t\t\t\t<div class=\"elementor-element elementor-element-c451467 elementor-widget elementor-widget-text-editor\" data-id=\"c451467\" data-element_type=\"widget\" data-widget_type=\"text-editor.default\">\n\t\t\t\t<div class=\"elementor-widget-container\">\n\t\t\t\t\t\t\t\t\t<p>Cette politique en mati\u00e8re de cookies explique ce que sont les cookies et comment nous les utilisons, les types de cookies que nous utilisons, c&#039;est-\u00e0-dire les informations que nous collectons \u00e0 l&#039;aide de cookies et comment ces informations sont utilis\u00e9es, et comment vous pouvez g\u00e9rer les pr\u00e9f\u00e9rences en mati\u00e8re de cookies. Pour plus d&#039;informations sur la mani\u00e8re dont nous utilisons, stockons et s\u00e9curisons vos informations personnelles, veuillez consulter notre politique de confidentialit\u00e9. Vous pouvez modifier ou retirer votre consentement \u00e0 la d\u00e9claration relative aux cookies sur notre site Web \u00e0 tout moment. En savoir plus sur qui nous sommes, comment vous pouvez contacter nous et comment nous traitons les donn\u00e9es personnelles dans notre politique de confidentialit\u00e9.Votre consentement s&#039;applique aux domaines suivants : bleudumaine.nl <div class=\"cli_user_consent_state\">Votre \u00e9tat actuel\u00a0: Aucun consentement donn\u00e9. <a class=\"cli_manage_current_consent\" style=\"cursor:pointer;text-decoration:underline;\">G\u00e9rez votre consentement.<\/a> <\/div><\/p>\t\t\t\t\t\t\t\t<\/div>\n\t\t\t\t<\/div>\n\t\t\t\t<div class=\"elementor-element elementor-element-8fc8e49 elementor-widget elementor-widget-heading\" data-id=\"8fc8e49\" data-element_type=\"widget\" data-widget_type=\"heading.default\">\n\t\t\t\t<div class=\"elementor-widget-container\">\n\t\t\t\t\t<h2 class=\"elementor-heading-title elementor-size-default\">Que sont les cookies ?<\/h2>\t\t\t\t<\/div>\n\t\t\t\t<\/div>\n\t\t\t\t<div class=\"elementor-element elementor-element-2137d20 elementor-widget elementor-widget-text-editor\" data-id=\"2137d20\" data-element_type=\"widget\" data-widget_type=\"text-editor.default\">\n\t\t\t\t<div class=\"elementor-widget-container\">\n\t\t\t\t\t\t\t\t\tLes cookies sont de petits fichiers texte utilis\u00e9s pour stocker de petites informations. Ils sont stock\u00e9s sur votre appareil lorsque le site Web se charge dans votre navigateur. Ces cookies nous aident \u00e0 faire fonctionner correctement le site Web, \u00e0 le rendre plus s\u00fbr, \u00e0 offrir une meilleure exp\u00e9rience utilisateur et \u00e0 comprendre comment le site Web fonctionne et \u00e0 analyser ce qui fonctionne et o\u00f9 il doit \u00eatre am\u00e9lior\u00e9.\t\t\t\t\t\t\t\t<\/div>\n\t\t\t\t<\/div>\n\t\t\t\t<div class=\"elementor-element elementor-element-7ca8fa8 elementor-widget elementor-widget-heading\" data-id=\"7ca8fa8\" data-element_type=\"widget\" data-widget_type=\"heading.default\">\n\t\t\t\t<div class=\"elementor-widget-container\">\n\t\t\t\t\t<h2 class=\"elementor-heading-title elementor-size-default\">hoe maken wij gebruik van cookies?<\/h2>\t\t\t\t<\/div>\n\t\t\t\t<\/div>\n\t\t\t\t<div class=\"elementor-element elementor-element-f860861 elementor-widget elementor-widget-text-editor\" data-id=\"f860861\" data-element_type=\"widget\" data-widget_type=\"text-editor.default\">\n\t\t\t\t<div class=\"elementor-widget-container\">\n\t\t\t\t\t\t\t\t\tComme la plupart des services en ligne, notre site Web utilise des cookies propri\u00e9taires et tiers \u00e0 diverses fins. Les cookies propri\u00e9taires sont g\u00e9n\u00e9ralement n\u00e9cessaires au bon fonctionnement du site Web et ils ne collectent aucune de vos informations personnellement identifiables. Les cookies tiers utilis\u00e9s sur notre site Web servent principalement \u00e0 comprendre comment le site Web fonctionne, comment vous interagissez avec notre site Web, assurer la s\u00e9curit\u00e9 de nos services, diffuser des publicit\u00e9s pertinentes pour vous et, dans l&#039;ensemble, vous offrir une exp\u00e9rience utilisateur meilleure et am\u00e9lior\u00e9e et vous aider \u00e0 acc\u00e9l\u00e9rer vos futures interactions avec notre site Web.\t\t\t\t\t\t\t\t<\/div>\n\t\t\t\t<\/div>\n\t\t\t\t<div class=\"elementor-element elementor-element-5e5ec77 elementor-widget elementor-widget-heading\" data-id=\"5e5ec77\" data-element_type=\"widget\" data-widget_type=\"heading.default\">\n\t\t\t\t<div class=\"elementor-widget-container\">\n\t\t\t\t\t<h2 class=\"elementor-heading-title elementor-size-default\">Quels cookies utilisons-nous ?<\/h2>\t\t\t\t<\/div>\n\t\t\t\t<\/div>\n\t\t\t\t<div class=\"elementor-element elementor-element-379d789 elementor-widget elementor-widget-text-editor\" data-id=\"379d789\" data-element_type=\"widget\" data-widget_type=\"text-editor.default\">\n\t\t\t\t<div class=\"elementor-widget-container\">\n\t\t\t\t\t\t\t\t\t<div><strong>Essentiel<\/strong>: Certains cookies sont essentiels pour profiter de toutes les fonctionnalit\u00e9s de notre site. Ils nous permettent de maintenir les sessions des utilisateurs et de pr\u00e9venir tout risque de s\u00e9curit\u00e9. Ils ne collectent ni ne stockent aucune information personnelle. Gr\u00e2ce \u00e0 ces cookies, vous pouvez par exemple vous connecter \u00e0 votre compte, ajouter des produits \u00e0 votre panier et payer en toute s\u00e9curit\u00e9.<\/div><div>\u00a0<\/div><div><strong>Statistiques<\/strong>: Ces cookies stockent des informations telles que le nombre de visiteurs sur le site Web, le nombre de visiteurs uniques, les pages du site Web qui ont \u00e9t\u00e9 visit\u00e9es, la source de la visite, etc. Ces donn\u00e9es nous aident \u00e0 comprendre et \u00e0 analyser les performances du site Web. et o\u00f9 des am\u00e9liorations sont n\u00e9cessaires.<\/div><div>\u00a0<\/div><div><strong>Commercialisation<\/strong>: Notre site Web affiche des publicit\u00e9s. Ces cookies sont utilis\u00e9s pour personnaliser les publicit\u00e9s que nous vous montrons afin qu&#039;elles soient significatives pour vous. Ces cookies nous aident \u00e9galement \u00e0 suivre l&#039;efficacit\u00e9 de ces campagnes publicitaires.<\/div><div>\u00a0<\/div><div>Les informations stock\u00e9es dans ces cookies peuvent \u00e9galement \u00eatre utilis\u00e9es par les fournisseurs de publicit\u00e9 tiers pour vous montrer \u00e9galement des publicit\u00e9s sur d&#039;autres sites Web dans le navigateur.<\/div><div>\u00a0<\/div><div><strong>Fonctionnel<\/strong>: ce sont les cookies qui aident certaines fonctionnalit\u00e9s non essentielles sur notre site Web. Ces fonctionnalit\u00e9s incluent l&#039;int\u00e9gration de contenus tels que des vid\u00e9os ou le partage de contenus du site Web sur des plateformes de m\u00e9dias sociaux.<\/div><div>\u00a0<\/div><div><strong>Pr\u00e9f\u00e9rences<\/strong>: Ces cookies nous aident \u00e0 stocker vos param\u00e8tres et vos pr\u00e9f\u00e9rences de navigation, telles que les pr\u00e9f\u00e9rences linguistiques, afin que vous ayez une exp\u00e9rience meilleure et plus efficace lors de vos prochaines visites sur le site Web.<\/div>\t\t\t\t\t\t\t\t<\/div>\n\t\t\t\t<\/div>\n\t\t\t\t<div class=\"elementor-element elementor-element-5a38836 elementor-widget elementor-widget-heading\" data-id=\"5a38836\" data-element_type=\"widget\" data-widget_type=\"heading.default\">\n\t\t\t\t<div class=\"elementor-widget-container\">\n\t\t\t\t\t<h2 class=\"elementor-heading-title elementor-size-default\">hoe kan ik de cookievoorkeuren beheren?<\/h2>\t\t\t\t<\/div>\n\t\t\t\t<\/div>\n\t\t\t\t<div class=\"elementor-element elementor-element-a3e7627 elementor-widget elementor-widget-text-editor\" data-id=\"a3e7627\" data-element_type=\"widget\" data-widget_type=\"text-editor.default\">\n\t\t\t\t<div class=\"elementor-widget-container\">\n\t\t\t\t\t\t\t\t\t<p>Si vous d\u00e9cidez de modifier vos pr\u00e9f\u00e9rences ult\u00e9rieurement au cours de votre session de navigation, vous pouvez cliquer sur l&#039;onglet &quot;Politique de confidentialit\u00e9 et de cookies&quot; de votre \u00e9cran. Cela affichera \u00e0 nouveau la d\u00e9claration de consentement, vous permettant de modifier vos pr\u00e9f\u00e9rences ou de retirer compl\u00e8tement votre consentement.<\/p><p>En outre, diff\u00e9rents navigateurs proposent diff\u00e9rentes m\u00e9thodes pour bloquer et supprimer les cookies utilis\u00e9s par les sites Web. Vous pouvez modifier les param\u00e8tres de votre navigateur pour bloquer\/supprimer les cookies. Pour plus d&#039;informations sur la gestion et la suppression des cookies, visitez wikipedia.org, www.allaboutcookies.org.<\/p>\t\t\t\t\t\t\t\t<\/div>\n\t\t\t\t<\/div>\n\t\t\t\t\t<\/div>\n\t\t<\/div>\n\t\t\t\t\t<\/div>\n\t\t<\/section>\n\t\t\t\t<\/div>","protected":false},"excerpt":{"rendered":"<p>Over dit cookiebeleid Dit cookiebeleid legt uit wat cookies zijn en hoe we ze gebruiken, de soorten cookies die we gebruiken, d.w.z. de informatie die we verzamelen met behulp van [&hellip;]<\/p>","protected":false},"author":1,"featured_media":0,"parent":0,"menu_order":0,"comment_status":"closed","ping_status":"closed","template":"","meta":{"site-sidebar-layout":"default","site-content-layout":"","ast-site-content-layout":"normal-width-container","site-content-style":"default","site-sidebar-style":"default","ast-global-header-display":"","ast-banner-title-visibility":"","ast-main-header-display":"","ast-hfb-above-header-display":"","ast-hfb-below-header-display":"","ast-hfb-mobile-header-display":"","site-post-title":"","ast-breadcrumbs-content":"","ast-featured-img":"","footer-sml-layout":"","theme-transparent-header-meta":"","adv-header-id-meta":"","stick-header-meta":"","header-above-stick-meta":"","header-main-stick-meta":"","header-below-stick-meta":"","astra-migrate-meta-layouts":"set","ast-page-background-enabled":"default","ast-page-background-meta":{"desktop":{"background-color":"","background-image":"","background-repeat":"repeat","background-position":"center center","background-size":"auto","background-attachment":"scroll","background-type":"","background-media":"","overlay-type":"","overlay-color":"","overlay-opacity":"","overlay-gradient":""},"tablet":{"background-color":"","background-image":"","background-repeat":"repeat","background-position":"center center","background-size":"auto","background-attachment":"scroll","background-type":"","background-media":"","overlay-type":"","overlay-color":"","overlay-opacity":"","overlay-gradient":""},"mobile":{"background-color":"","background-image":"","background-repeat":"repeat","background-position":"center center","background-size":"auto","background-attachment":"scroll","background-type":"","background-media":"","overlay-type":"","overlay-color":"","overlay-opacity":"","overlay-gradient":""}},"ast-content-background-meta":{"desktop":{"background-color":"var(--ast-global-color-5)","background-image":"","background-repeat":"repeat","background-position":"center center","background-size":"auto","background-attachment":"scroll","background-type":"","background-media":"","overlay-type":"","overlay-color":"","overlay-opacity":"","overlay-gradient":""},"tablet":{"background-color":"var(--ast-global-color-5)","background-image":"","background-repeat":"repeat","background-position":"center center","background-size":"auto","background-attachment":"scroll","background-type":"","background-media":"","overlay-type":"","overlay-color":"","overlay-opacity":"","overlay-gradient":""},"mobile":{"background-color":"var(--ast-global-color-5)","background-image":"","background-repeat":"repeat","background-position":"center center","background-size":"auto","background-attachment":"scroll","background-type":"","background-media":"","overlay-type":"","overlay-color":"","overlay-opacity":"","overlay-gradient":""}},"footnotes":""},"class_list":["post-1439","page","type-page","status-publish","hentry"],"yoast_head":"<!-- This site is optimized with the Yoast SEO plugin v27.3 - https:\/\/yoast.com\/product\/yoast-seo-wordpress\/ -->\n<title>Cookie Policy - Stamboek Bleu du maine<\/title>\n<meta name=\"robots\" content=\"noindex, follow\" \/>\n<meta property=\"og:locale\" content=\"fr_FR\" \/>\n<meta property=\"og:type\" content=\"article\" \/>\n<meta property=\"og:title\" content=\"Cookie Policy - Stamboek Bleu du maine\" \/>\n<meta property=\"og:description\" content=\"Over dit cookiebeleid Dit cookiebeleid legt uit wat cookies zijn en hoe we ze gebruiken, de soorten cookies die we gebruiken, d.w.z. de informatie die we verzamelen met behulp van [&hellip;]\" \/>\n<meta property=\"og:url\" content=\"https:\/\/bleudumaine.nl\/fr\/cookie-policy\/\" \/>\n<meta property=\"og:site_name\" content=\"Stamboek Bleu du maine\" \/>\n<meta property=\"article:modified_time\" content=\"2024-01-24T17:51:34+00:00\" \/>\n<meta name=\"twitter:card\" content=\"summary_large_image\" \/>\n<meta name=\"twitter:label1\" content=\"Dur\u00e9e de lecture estim\u00e9e\" \/>\n\t<meta name=\"twitter:data1\" content=\"4 minutes\" \/>\n<script type=\"application\/ld+json\" class=\"yoast-schema-graph\">{\"@context\":\"https:\\\/\\\/schema.org\",\"@graph\":[{\"@type\":\"WebPage\",\"@id\":\"https:\\\/\\\/bleudumaine.nl\\\/cookie-policy\\\/\",\"url\":\"https:\\\/\\\/bleudumaine.nl\\\/cookie-policy\\\/\",\"name\":\"Cookie Policy - Stamboek Bleu du maine\",\"isPartOf\":{\"@id\":\"https:\\\/\\\/bleudumaine.nl\\\/#website\"},\"datePublished\":\"2022-03-04T23:29:44+00:00\",\"dateModified\":\"2024-01-24T17:51:34+00:00\",\"breadcrumb\":{\"@id\":\"https:\\\/\\\/bleudumaine.nl\\\/cookie-policy\\\/#breadcrumb\"},\"inLanguage\":\"fr-FR\",\"potentialAction\":[{\"@type\":\"ReadAction\",\"target\":[\"https:\\\/\\\/bleudumaine.nl\\\/cookie-policy\\\/\"]}]},{\"@type\":\"BreadcrumbList\",\"@id\":\"https:\\\/\\\/bleudumaine.nl\\\/cookie-policy\\\/#breadcrumb\",\"itemListElement\":[{\"@type\":\"ListItem\",\"position\":1,\"name\":\"Home\",\"item\":\"https:\\\/\\\/bleudumaine.nl\\\/\"},{\"@type\":\"ListItem\",\"position\":2,\"name\":\"Cookie Policy\"}]},{\"@type\":\"WebSite\",\"@id\":\"https:\\\/\\\/bleudumaine.nl\\\/#website\",\"url\":\"https:\\\/\\\/bleudumaine.nl\\\/\",\"name\":\"Stamboek Bleu du maine\",\"description\":\"Actief\",\"publisher\":{\"@id\":\"https:\\\/\\\/bleudumaine.nl\\\/#organization\"},\"potentialAction\":[{\"@type\":\"SearchAction\",\"target\":{\"@type\":\"EntryPoint\",\"urlTemplate\":\"https:\\\/\\\/bleudumaine.nl\\\/?s={search_term_string}\"},\"query-input\":{\"@type\":\"PropertyValueSpecification\",\"valueRequired\":true,\"valueName\":\"search_term_string\"}}],\"inLanguage\":\"fr-FR\"},{\"@type\":\"Organization\",\"@id\":\"https:\\\/\\\/bleudumaine.nl\\\/#organization\",\"name\":\"Bleu du Maine\",\"url\":\"https:\\\/\\\/bleudumaine.nl\\\/\",\"logo\":{\"@type\":\"ImageObject\",\"inLanguage\":\"fr-FR\",\"@id\":\"https:\\\/\\\/bleudumaine.nl\\\/#\\\/schema\\\/logo\\\/image\\\/\",\"url\":\"https:\\\/\\\/bleudumaine.nl\\\/wp-content\\\/uploads\\\/2021\\\/06\\\/cropped-Logo-Bleu-du-maine-blauw.png\",\"contentUrl\":\"https:\\\/\\\/bleudumaine.nl\\\/wp-content\\\/uploads\\\/2021\\\/06\\\/cropped-Logo-Bleu-du-maine-blauw.png\",\"width\":1250,\"height\":730,\"caption\":\"Bleu du Maine\"},\"image\":{\"@id\":\"https:\\\/\\\/bleudumaine.nl\\\/#\\\/schema\\\/logo\\\/image\\\/\"}}]}<\/script>\n<!-- \/ Yoast SEO plugin. -->","yoast_head_json":{"title":"Cookie Policy - Stamboek Bleu du maine","robots":{"index":"noindex","follow":"follow"},"og_locale":"fr_FR","og_type":"article","og_title":"Cookie Policy - Stamboek Bleu du maine","og_description":"Over dit cookiebeleid Dit cookiebeleid legt uit wat cookies zijn en hoe we ze gebruiken, de soorten cookies die we gebruiken, d.w.z. de informatie die we verzamelen met behulp van [&hellip;]","og_url":"https:\/\/bleudumaine.nl\/fr\/cookie-policy\/","og_site_name":"Stamboek Bleu du maine","article_modified_time":"2024-01-24T17:51:34+00:00","twitter_card":"summary_large_image","twitter_misc":{"Dur\u00e9e de lecture estim\u00e9e":"4 minutes"},"schema":{"@context":"https:\/\/schema.org","@graph":[{"@type":"WebPage","@id":"https:\/\/bleudumaine.nl\/cookie-policy\/","url":"https:\/\/bleudumaine.nl\/cookie-policy\/","name":"Cookie Policy - Stamboek Bleu du maine","isPartOf":{"@id":"https:\/\/bleudumaine.nl\/#website"},"datePublished":"2022-03-04T23:29:44+00:00","dateModified":"2024-01-24T17:51:34+00:00","breadcrumb":{"@id":"https:\/\/bleudumaine.nl\/cookie-policy\/#breadcrumb"},"inLanguage":"fr-FR","potentialAction":[{"@type":"ReadAction","target":["https:\/\/bleudumaine.nl\/cookie-policy\/"]}]},{"@type":"BreadcrumbList","@id":"https:\/\/bleudumaine.nl\/cookie-policy\/#breadcrumb","itemListElement":[{"@type":"ListItem","position":1,"name":"Home","item":"https:\/\/bleudumaine.nl\/"},{"@type":"ListItem","position":2,"name":"Cookie Policy"}]},{"@type":"WebSite","@id":"https:\/\/bleudumaine.nl\/#website","url":"https:\/\/bleudumaine.nl\/","name":"Stamboek Bleu du maine","description":"Actif","publisher":{"@id":"https:\/\/bleudumaine.nl\/#organization"},"potentialAction":[{"@type":"SearchAction","target":{"@type":"EntryPoint","urlTemplate":"https:\/\/bleudumaine.nl\/?s={search_term_string}"},"query-input":{"@type":"PropertyValueSpecification","valueRequired":true,"valueName":"search_term_string"}}],"inLanguage":"fr-FR"},{"@type":"Organization","@id":"https:\/\/bleudumaine.nl\/#organization","name":"Bleu du Maine","url":"https:\/\/bleudumaine.nl\/","logo":{"@type":"ImageObject","inLanguage":"fr-FR","@id":"https:\/\/bleudumaine.nl\/#\/schema\/logo\/image\/","url":"https:\/\/bleudumaine.nl\/wp-content\/uploads\/2021\/06\/cropped-Logo-Bleu-du-maine-blauw.png","contentUrl":"https:\/\/bleudumaine.nl\/wp-content\/uploads\/2021\/06\/cropped-Logo-Bleu-du-maine-blauw.png","width":1250,"height":730,"caption":"Bleu du Maine"},"image":{"@id":"https:\/\/bleudumaine.nl\/#\/schema\/logo\/image\/"}}]}},"_links":{"self":[{"href":"https:\/\/bleudumaine.nl\/fr\/wp-json\/wp\/v2\/pages\/1439","targetHints":{"allow":["GET"]}}],"collection":[{"href":"https:\/\/bleudumaine.nl\/fr\/wp-json\/wp\/v2\/pages"}],"about":[{"href":"https:\/\/bleudumaine.nl\/fr\/wp-json\/wp\/v2\/types\/page"}],"author":[{"embeddable":true,"href":"https:\/\/bleudumaine.nl\/fr\/wp-json\/wp\/v2\/users\/1"}],"replies":[{"embeddable":true,"href":"https:\/\/bleudumaine.nl\/fr\/wp-json\/wp\/v2\/comments?post=1439"}],"version-history":[{"count":10,"href":"https:\/\/bleudumaine.nl\/fr\/wp-json\/wp\/v2\/pages\/1439\/revisions"}],"predecessor-version":[{"id":4228,"href":"https:\/\/bleudumaine.nl\/fr\/wp-json\/wp\/v2\/pages\/1439\/revisions\/4228"}],"wp:attachment":[{"href":"https:\/\/bleudumaine.nl\/fr\/wp-json\/wp\/v2\/media?parent=1439"}],"curies":[{"name":"wp","href":"https:\/\/api.w.org\/{rel}","templated":true}]}}