{"id":3,"date":"2021-05-27T06:30:51","date_gmt":"2021-05-27T06:30:51","guid":{"rendered":"https:\/\/bleudumaine.nl\/?page_id=3"},"modified":"2024-01-24T19:57:41","modified_gmt":"2024-01-24T18:57:41","slug":"privacy-policy","status":"publish","type":"page","link":"https:\/\/bleudumaine.nl\/de\/privacy-policy\/","title":{"rendered":"Datenschutz-Bestimmungen"},"content":{"rendered":"<div data-elementor-type=\"wp-page\" data-elementor-id=\"3\" class=\"elementor elementor-3\">\n\t\t\t\t\t\t<section class=\"elementor-section elementor-top-section elementor-element elementor-element-e73ea06 elementor-section-boxed elementor-section-height-default elementor-section-height-default\" data-id=\"e73ea06\" data-element_type=\"section\">\n\t\t\t\t\t\t<div class=\"elementor-container elementor-column-gap-default\">\n\t\t\t\t\t<div class=\"elementor-column elementor-col-100 elementor-top-column elementor-element elementor-element-35dd6afa\" data-id=\"35dd6afa\" data-element_type=\"column\">\n\t\t\t<div class=\"elementor-widget-wrap elementor-element-populated\">\n\t\t\t\t\t\t<div class=\"elementor-element elementor-element-25eeca9 elementor-widget elementor-widget-heading\" data-id=\"25eeca9\" data-element_type=\"widget\" data-widget_type=\"heading.default\">\n\t\t\t\t<div class=\"elementor-widget-container\">\n\t\t\t\t\t<h2 class=\"elementor-heading-title elementor-size-default\">Datenschutzerkl\u00e4rung<\/h2>\t\t\t\t<\/div>\n\t\t\t\t<\/div>\n\t\t\t\t<div class=\"elementor-element elementor-element-351571a elementor-widget elementor-widget-spacer\" data-id=\"351571a\" data-element_type=\"widget\" data-widget_type=\"spacer.default\">\n\t\t\t\t<div class=\"elementor-widget-container\">\n\t\t\t\t\t\t\t<div class=\"elementor-spacer\">\n\t\t\t<div class=\"elementor-spacer-inner\"><\/div>\n\t\t<\/div>\n\t\t\t\t\t\t<\/div>\n\t\t\t\t<\/div>\n\t\t\t\t<div class=\"elementor-element elementor-element-1e8ca33 elementor-widget elementor-widget-text-editor\" data-id=\"1e8ca33\" data-element_type=\"widget\" data-widget_type=\"text-editor.default\">\n\t\t\t\t<div class=\"elementor-widget-container\">\n\t\t\t\t\t\t\t\t\t<p class=\"p1\">Der Zuchtverein Bleu du Maine mit Sitz in Achthovenerweg 25A 2351 AX Leiderdorp ist f\u00fcr die Verarbeitung personenbezogener Daten gem\u00e4\u00df dieser Datenschutzerkl\u00e4rung verantwortlich<\/p>\t\t\t\t\t\t\t\t<\/div>\n\t\t\t\t<\/div>\n\t\t\t\t<div class=\"elementor-element elementor-element-391b161 elementor-widget elementor-widget-heading\" data-id=\"391b161\" data-element_type=\"widget\" data-widget_type=\"heading.default\">\n\t\t\t\t<div class=\"elementor-widget-container\">\n\t\t\t\t\t<h2 class=\"elementor-heading-title elementor-size-default\">Kontaktdetails<\/h2>\t\t\t\t<\/div>\n\t\t\t\t<\/div>\n\t\t\t\t<div class=\"elementor-element elementor-element-482057ef elementor-widget elementor-widget-text-editor\" data-id=\"482057ef\" data-element_type=\"widget\" data-widget_type=\"text-editor.default\">\n\t\t\t\t<div class=\"elementor-widget-container\">\n\t\t\t\t\t\t\t\t\t<p class=\"p1\">Webseite: \u00a0 \u00a0 \u00a0 \u00a0 \u00a0 \u00a0 \u00a0 \u00a0 <a href=\"https:\/\/bleudumaine.nl\/de\/home\/\"><span class=\"s1\">www.bleudumaine.nl<\/span><\/a><br \/>Adresse: Achthovenerweg 25A<br \/>\u00a0 \u00a0 \u00a0 \u00a0 \u00a0 \u00a0 \u00a0 \u00a0 \u00a0 \u00a0 \u00a0 \u00a0 \u00a0 \u00a0 \u00a0\u00a0 2351 AX Leiderdorp<br \/>Telefon: 0651614618<br \/>Dorien Verkleij ist die Datenschutzbeauftragte des Zuchtvereins Bleu du Maine.\u00a0<b><br \/><\/b><\/p>\t\t\t\t\t\t\t\t<\/div>\n\t\t\t\t<\/div>\n\t\t\t\t<div class=\"elementor-element elementor-element-f8fd097 elementor-widget elementor-widget-spacer\" data-id=\"f8fd097\" data-element_type=\"widget\" data-widget_type=\"spacer.default\">\n\t\t\t\t<div class=\"elementor-widget-container\">\n\t\t\t\t\t\t\t<div class=\"elementor-spacer\">\n\t\t\t<div class=\"elementor-spacer-inner\"><\/div>\n\t\t<\/div>\n\t\t\t\t\t\t<\/div>\n\t\t\t\t<\/div>\n\t\t\t\t<div class=\"elementor-element elementor-element-d824a36 elementor-widget elementor-widget-heading\" data-id=\"d824a36\" data-element_type=\"widget\" data-widget_type=\"heading.default\">\n\t\t\t\t<div class=\"elementor-widget-container\">\n\t\t\t\t\t<h2 class=\"elementor-heading-title elementor-size-default\">pers\u00f6nliche Daten<\/h2>\t\t\t\t<\/div>\n\t\t\t\t<\/div>\n\t\t\t\t<div class=\"elementor-element elementor-element-3ca9927 elementor-widget elementor-widget-text-editor\" data-id=\"3ca9927\" data-element_type=\"widget\" data-widget_type=\"text-editor.default\">\n\t\t\t\t<div class=\"elementor-widget-container\">\n\t\t\t\t\t\t\t\t\t<p>Der Zuchtverein Bleu du Maine verarbeitet Ihre personenbezogenen Daten, die Sie uns selbst zur Verf\u00fcgung stellen.<br \/>Nachfolgend finden Sie eine \u00dcbersicht \u00fcber die von uns verarbeiteten personenbezogenen Daten:<\/p>\n<ul class=\"ul1\">\n<li class=\"li1\">Vor-und Nachname<\/li>\n<li class=\"li1\">Adressdaten<\/li>\n<li class=\"li1\">Telefonnummer<\/li>\n<li class=\"li1\">E-Mail-Addresse<\/li>\n<li class=\"li1\">Kontonummer<\/li>\n<li class=\"li1\">Andere personenbezogene Daten, die Sie aktiv per Korrespondenz und Telefon angeben<\/li>\n<\/ul>\n<p>Onze vereniging heeft niet de intentie gegevens te verzamelen over websitebezoekers die jonger zijn dan 16 jaar. Tenzij ze toestemming hebben van ouders of voogd. Als u ervan overtuigd bent dat wij zonder die toestemming persoonlijke gegevens hebben verzameld over een minderjarige, neem dan contact met ons op v&#105;&#x61;\u00a0&#100;&#111;&#x72;&#x69;e&#110;&#118;&#x65;&#x72;k&#108;&#x65;&#x69;&#x6a;&#64;&#122;&#x69;&#x67;g&#111;&#46;&#x6e;&#x6c;, dan verwijderen wij deze informatie. Welk doel en op basis van welke grondslag wij persoonsgegevens verwerken<\/p>\n<p><strong>Der Breed Club Bleu du Maine verarbeitet Ihre personenbezogenen Daten f\u00fcr folgende Zwecke:<\/strong><\/p>\n<ul class=\"ul1\">\n<li class=\"li1\">Zusendung unseres Newsletters und\/oder unserer Werbebrosch\u00fcre<\/li>\n<li class=\"li1\">Um Sie anrufen oder per E-Mail kontaktieren zu k\u00f6nnen, wenn dies f\u00fcr die Erbringung unserer Dienstleistungen erforderlich ist<\/li>\n<li class=\"li1\">Um Sie \u00fcber \u00c4nderungen an unseren Dienstleistungen und Produkten zu informieren<\/li>\n<\/ul>\n<p><strong>Automatisierte Entscheidungsfindung<\/strong><br \/>Der Rasseclub Bleu du Maine trifft keine Entscheidungen auf der Grundlage einer automatisierten Verarbeitung in Angelegenheiten, die (erhebliche) Folgen f\u00fcr Menschen haben k\u00f6nnen. Wie lange wir personenbezogene Daten aufbewahren<br \/>Breedclub Bleu du Maine speichert Ihre personenbezogenen Daten nicht l\u00e4nger als unbedingt erforderlich, um die Zwecke zu erreichen, f\u00fcr die Ihre Daten erhoben werden.<\/p>\n<p><strong> Weitergabe personenbezogener Daten an Dritte<\/strong><br \/>Rasvereniging Bleu du Maine gibt Ihre personenbezogenen Daten an verschiedene Dritte weiter, wenn dies f\u00fcr die Ausf\u00fchrung des Vertrags und zur Erf\u00fcllung gesetzlicher Verpflichtungen erforderlich ist. Wir schlie\u00dfen mit Unternehmen, die Ihre Daten in unserem Auftrag verarbeiten, einen Verarbeitungsvertrag ab, um das gleiche Ma\u00df an Sicherheit und Vertraulichkeit Ihrer Daten zu gew\u00e4hrleisten. Breed Club Bleu du Maine bleibt f\u00fcr diese Verarbeitungsvorg\u00e4nge verantwortlich. Dar\u00fcber hinaus gibt der Zuchtverband Bleu du Maine Ihre personenbezogenen Daten an andere Dritte weiter. Wir tun dies nur mit Ihrer ausdr\u00fccklichen Zustimmung.<br \/>Cookies oder \u00e4hnliche Techniken, die wir verwendenBleu du Maine Breed Association verwendet keine Cookies oder \u00e4hnliche Techniken.\t\t\t\t\t\t\t\t<\/div>\n\t\t\t\t<\/div>\n\t\t\t\t<div class=\"elementor-element elementor-element-554e362 elementor-widget elementor-widget-spacer\" data-id=\"554e362\" data-element_type=\"widget\" data-widget_type=\"spacer.default\">\n\t\t\t\t<div class=\"elementor-widget-container\">\n\t\t\t\t\t\t\t<div class=\"elementor-spacer\">\n\t\t\t<div class=\"elementor-spacer-inner\"><\/div>\n\t\t<\/div>\n\t\t\t\t\t\t<\/div>\n\t\t\t\t<\/div>\n\t\t\t\t<div class=\"elementor-element elementor-element-8935a47 elementor-widget elementor-widget-heading\" data-id=\"8935a47\" data-element_type=\"widget\" data-widget_type=\"heading.default\">\n\t\t\t\t<div class=\"elementor-widget-container\">\n\t\t\t\t\t<h2 class=\"elementor-heading-title elementor-size-default\">Daten anzeigen, \u00e4ndern oder l\u00f6schen<\/h2>\t\t\t\t<\/div>\n\t\t\t\t<\/div>\n\t\t\t\t<div class=\"elementor-element elementor-element-a285c65 elementor-widget elementor-widget-text-editor\" data-id=\"a285c65\" data-element_type=\"widget\" data-widget_type=\"text-editor.default\">\n\t\t\t\t<div class=\"elementor-widget-container\">\n\t\t\t\t\t\t\t\t\t<p class=\"p1\">Sie haben das Recht, Ihre personenbezogenen Daten einzusehen, zu korrigieren oder zu l\u00f6schen. Dar\u00fcber hinaus haben Sie das Recht, Ihre Einwilligung zur Datenverarbeitung zu widerrufen oder der Verarbeitung Ihrer personenbezogenen Daten durch den Zuchtverband Bleu du Maine zu widersprechen, und Sie haben das Recht auf Daten\u00fcbertragbarkeit. Dies bedeutet, dass Sie eine Anfrage an uns richten k\u00f6nnen, um die personenbezogenen Daten, die wir \u00fcber Sie gespeichert haben, in einer Computerdatei an Sie oder eine andere von Ihnen genannte Organisation zu senden.<br \/>Sie k\u00f6nnen einen Antrag auf Zugang, Berichtigung, L\u00f6schung, Daten\u00fcbertragung Ihrer personenbezogenen Daten oder einen Antrag auf Widerruf Ihrer Einwilligung oder Widerspruch gegen die Verarbeitung Ihrer personenbezogenen Daten an senden\u00a0<span class=\"s1\">&#x64;&#x6f;&#x72;&#105;&#101;nv&#x65;&#x72;&#x6b;&#x6c;&#101;&#105;j&#64;&#x7a;&#x69;&#x67;&#103;&#111;&#46;nl.<\/span><br \/>Um sicherzustellen, dass der Antrag auf Einsichtnahme von Ihnen gestellt wurde, bitten wir Sie, dem Antrag eine Kopie Ihres Identit\u00e4tsnachweises beizuf\u00fcgen. Machen Sie in dieser Kopie Ihr Passfoto, MRZ (maschinenlesbare Zone, der Nummernstreifen am unteren Rand des Passes), Passnummer und B\u00fcrgerservicenummer (BSN) schwarz. Dies dient dem Schutz Ihrer Privatsph\u00e4re. Wir werden Ihre Anfrage so schnell wie m\u00f6glich beantworten, jedoch innerhalb von vier Wochen.<br \/>Breedclub Bleu du Maine m\u00f6chte auch darauf hinweisen, dass Sie die M\u00f6glichkeit haben, eine Beschwerde bei der nationalen Aufsichtsbeh\u00f6rde, der niederl\u00e4ndischen Datenschutzbeh\u00f6rde, einzureichen. Dies ist \u00fcber folgenden Link m\u00f6glich:<a href=\"https:\/\/bleudumaine.nl\/de\/%20https:\/autoriteitpersoonsgegevens.nl\/nl\/contact-met-de-autoriteit-persoonsgegevens\/tip-ons\/\"><span class=\"s2\">\u00a0https:\/\/autoriteitpersoonsgegevens.nl\/nl\/contact-met-de-autoriteit-persoonsgegevens\/tip-ons<\/span><\/a><\/p>\t\t\t\t\t\t\t\t<\/div>\n\t\t\t\t<\/div>\n\t\t\t\t<div class=\"elementor-element elementor-element-195a526 elementor-widget elementor-widget-spacer\" data-id=\"195a526\" data-element_type=\"widget\" data-widget_type=\"spacer.default\">\n\t\t\t\t<div class=\"elementor-widget-container\">\n\t\t\t\t\t\t\t<div class=\"elementor-spacer\">\n\t\t\t<div class=\"elementor-spacer-inner\"><\/div>\n\t\t<\/div>\n\t\t\t\t\t\t<\/div>\n\t\t\t\t<\/div>\n\t\t\t\t<div class=\"elementor-element elementor-element-0439c44 elementor-widget elementor-widget-heading\" data-id=\"0439c44\" data-element_type=\"widget\" data-widget_type=\"heading.default\">\n\t\t\t\t<div class=\"elementor-widget-container\">\n\t\t\t\t\t<h2 class=\"elementor-heading-title elementor-size-default\">Wie wir Ihre personenbezogenen Daten sichern<\/h2>\t\t\t\t<\/div>\n\t\t\t\t<\/div>\n\t\t\t\t<div class=\"elementor-element elementor-element-030047d elementor-widget elementor-widget-text-editor\" data-id=\"030047d\" data-element_type=\"widget\" data-widget_type=\"text-editor.default\">\n\t\t\t\t<div class=\"elementor-widget-container\">\n\t\t\t\t\t\t\t\t\t<p class=\"p1\">Der Zuchtverband Bleu du Maine nimmt den Schutz Ihrer Daten ernst und ergreift geeignete Ma\u00dfnahmen, um Missbrauch, Verlust, unbefugten Zugriff, unerw\u00fcnschte Offenlegung und unbefugte \u00c4nderungen zu verhindern.<br \/>Wenn Sie den Eindruck haben, dass Ihre Daten nicht ausreichend gesichert sind oder Hinweise auf Missbrauch vorliegen, wenden Sie sich bitte an unseren Kundenservice oder via\u00a0<span class=\"s1\">&#x64;&#111;&#x72;&#x69;&#101;&#x6e;&#x76;&#101;&#x72;&#x6b;&#108;&#x65;&#x69;j&#x40;&#x7a;i&#x67;&#103;o&#x2e;&#110;l<\/span><\/p>\t\t\t\t\t\t\t\t<\/div>\n\t\t\t\t<\/div>\n\t\t\t\t\t<\/div>\n\t\t<\/div>\n\t\t\t\t\t<\/div>\n\t\t<\/section>\n\t\t\t\t<\/div>","protected":false},"excerpt":{"rendered":"<p>Privacyverklaring Rasvereniging Bleu du Maine, gevestigd aan Achthovenerweg 25A 2351 AX Leiderdorp, is verantwoordelijk voor de verwerking van persoonsgegevens zoals weergegeven in deze privacyverklaring Contactgegevens Website: \u00a0 \u00a0 \u00a0 \u00a0 [&hellip;]<\/p>","protected":false},"author":1,"featured_media":0,"parent":0,"menu_order":0,"comment_status":"closed","ping_status":"open","template":"","meta":{"site-sidebar-layout":"no-sidebar","site-content-layout":"plain-container","ast-site-content-layout":"default","site-content-style":"default","site-sidebar-style":"default","ast-global-header-display":"","ast-banner-title-visibility":"","ast-main-header-display":"","ast-hfb-above-header-display":"","ast-hfb-below-header-display":"disabled","ast-hfb-mobile-header-display":"","site-post-title":"disabled","ast-breadcrumbs-content":"","ast-featured-img":"","footer-sml-layout":"","theme-transparent-header-meta":"default","adv-header-id-meta":"","stick-header-meta":"","header-above-stick-meta":"","header-main-stick-meta":"","header-below-stick-meta":"","astra-migrate-meta-layouts":"default","ast-page-background-enabled":"default","ast-page-background-meta":{"desktop":{"background-color":"","background-image":"","background-repeat":"repeat","background-position":"center center","background-size":"auto","background-attachment":"scroll","background-type":"","background-media":"","overlay-type":"","overlay-color":"","overlay-opacity":"","overlay-gradient":""},"tablet":{"background-color":"","background-image":"","background-repeat":"repeat","background-position":"center center","background-size":"auto","background-attachment":"scroll","background-type":"","background-media":"","overlay-type":"","overlay-color":"","overlay-opacity":"","overlay-gradient":""},"mobile":{"background-color":"","background-image":"","background-repeat":"repeat","background-position":"center center","background-size":"auto","background-attachment":"scroll","background-type":"","background-media":"","overlay-type":"","overlay-color":"","overlay-opacity":"","overlay-gradient":""}},"ast-content-background-meta":{"desktop":{"background-color":"var(--ast-global-color-5)","background-image":"","background-repeat":"repeat","background-position":"center center","background-size":"auto","background-attachment":"scroll","background-type":"","background-media":"","overlay-type":"","overlay-color":"","overlay-opacity":"","overlay-gradient":""},"tablet":{"background-color":"var(--ast-global-color-5)","background-image":"","background-repeat":"repeat","background-position":"center center","background-size":"auto","background-attachment":"scroll","background-type":"","background-media":"","overlay-type":"","overlay-color":"","overlay-opacity":"","overlay-gradient":""},"mobile":{"background-color":"var(--ast-global-color-5)","background-image":"","background-repeat":"repeat","background-position":"center center","background-size":"auto","background-attachment":"scroll","background-type":"","background-media":"","overlay-type":"","overlay-color":"","overlay-opacity":"","overlay-gradient":""}},"footnotes":""},"class_list":["post-3","page","type-page","status-publish","hentry"],"yoast_head":"<!-- This site is optimized with the Yoast SEO plugin v27.3 - https:\/\/yoast.com\/product\/yoast-seo-wordpress\/ -->\n<title>Privacy Policy - Stamboek Bleu du maine<\/title>\n<meta name=\"robots\" content=\"index, follow, max-snippet:-1, max-image-preview:large, max-video-preview:-1\" \/>\n<link rel=\"canonical\" href=\"https:\/\/bleudumaine.nl\/de\/privacy-policy\/\" \/>\n<meta property=\"og:locale\" content=\"de_DE\" \/>\n<meta property=\"og:type\" content=\"article\" \/>\n<meta property=\"og:title\" content=\"Privacy Policy - Stamboek Bleu du maine\" \/>\n<meta property=\"og:description\" content=\"Privacyverklaring Rasvereniging Bleu du Maine, gevestigd aan Achthovenerweg 25A 2351 AX Leiderdorp, is verantwoordelijk voor de verwerking van persoonsgegevens zoals weergegeven in deze privacyverklaring Contactgegevens Website: \u00a0 \u00a0 \u00a0 \u00a0 [&hellip;]\" \/>\n<meta property=\"og:url\" content=\"https:\/\/bleudumaine.nl\/de\/privacy-policy\/\" \/>\n<meta property=\"og:site_name\" content=\"Stamboek Bleu du maine\" \/>\n<meta property=\"article:modified_time\" content=\"2024-01-24T18:57:41+00:00\" \/>\n<meta name=\"twitter:card\" content=\"summary_large_image\" \/>\n<meta name=\"twitter:label1\" content=\"Gesch\u00e4tzte Lesezeit\" \/>\n\t<meta name=\"twitter:data1\" content=\"4\u00a0Minuten\" \/>\n<script type=\"application\/ld+json\" class=\"yoast-schema-graph\">{\"@context\":\"https:\\\/\\\/schema.org\",\"@graph\":[{\"@type\":\"WebPage\",\"@id\":\"https:\\\/\\\/bleudumaine.nl\\\/privacy-policy\\\/\",\"url\":\"https:\\\/\\\/bleudumaine.nl\\\/privacy-policy\\\/\",\"name\":\"Privacy Policy - Stamboek Bleu du maine\",\"isPartOf\":{\"@id\":\"https:\\\/\\\/bleudumaine.nl\\\/#website\"},\"datePublished\":\"2021-05-27T06:30:51+00:00\",\"dateModified\":\"2024-01-24T18:57:41+00:00\",\"breadcrumb\":{\"@id\":\"https:\\\/\\\/bleudumaine.nl\\\/privacy-policy\\\/#breadcrumb\"},\"inLanguage\":\"de\",\"potentialAction\":[{\"@type\":\"ReadAction\",\"target\":[\"https:\\\/\\\/bleudumaine.nl\\\/privacy-policy\\\/\"]}]},{\"@type\":\"BreadcrumbList\",\"@id\":\"https:\\\/\\\/bleudumaine.nl\\\/privacy-policy\\\/#breadcrumb\",\"itemListElement\":[{\"@type\":\"ListItem\",\"position\":1,\"name\":\"Home\",\"item\":\"https:\\\/\\\/bleudumaine.nl\\\/\"},{\"@type\":\"ListItem\",\"position\":2,\"name\":\"Privacy Policy\"}]},{\"@type\":\"WebSite\",\"@id\":\"https:\\\/\\\/bleudumaine.nl\\\/#website\",\"url\":\"https:\\\/\\\/bleudumaine.nl\\\/\",\"name\":\"Stamboek Bleu du maine\",\"description\":\"Actief\",\"publisher\":{\"@id\":\"https:\\\/\\\/bleudumaine.nl\\\/#organization\"},\"potentialAction\":[{\"@type\":\"SearchAction\",\"target\":{\"@type\":\"EntryPoint\",\"urlTemplate\":\"https:\\\/\\\/bleudumaine.nl\\\/?s={search_term_string}\"},\"query-input\":{\"@type\":\"PropertyValueSpecification\",\"valueRequired\":true,\"valueName\":\"search_term_string\"}}],\"inLanguage\":\"de\"},{\"@type\":\"Organization\",\"@id\":\"https:\\\/\\\/bleudumaine.nl\\\/#organization\",\"name\":\"Bleu du Maine\",\"url\":\"https:\\\/\\\/bleudumaine.nl\\\/\",\"logo\":{\"@type\":\"ImageObject\",\"inLanguage\":\"de\",\"@id\":\"https:\\\/\\\/bleudumaine.nl\\\/#\\\/schema\\\/logo\\\/image\\\/\",\"url\":\"https:\\\/\\\/bleudumaine.nl\\\/wp-content\\\/uploads\\\/2021\\\/06\\\/cropped-Logo-Bleu-du-maine-blauw.png\",\"contentUrl\":\"https:\\\/\\\/bleudumaine.nl\\\/wp-content\\\/uploads\\\/2021\\\/06\\\/cropped-Logo-Bleu-du-maine-blauw.png\",\"width\":1250,\"height\":730,\"caption\":\"Bleu du Maine\"},\"image\":{\"@id\":\"https:\\\/\\\/bleudumaine.nl\\\/#\\\/schema\\\/logo\\\/image\\\/\"}}]}<\/script>\n<!-- \/ Yoast SEO plugin. -->","yoast_head_json":{"title":"Privacy Policy - Stamboek Bleu du maine","robots":{"index":"index","follow":"follow","max-snippet":"max-snippet:-1","max-image-preview":"max-image-preview:large","max-video-preview":"max-video-preview:-1"},"canonical":"https:\/\/bleudumaine.nl\/de\/privacy-policy\/","og_locale":"de_DE","og_type":"article","og_title":"Privacy Policy - Stamboek Bleu du maine","og_description":"Privacyverklaring Rasvereniging Bleu du Maine, gevestigd aan Achthovenerweg 25A 2351 AX Leiderdorp, is verantwoordelijk voor de verwerking van persoonsgegevens zoals weergegeven in deze privacyverklaring Contactgegevens Website: \u00a0 \u00a0 \u00a0 \u00a0 [&hellip;]","og_url":"https:\/\/bleudumaine.nl\/de\/privacy-policy\/","og_site_name":"Stamboek Bleu du maine","article_modified_time":"2024-01-24T18:57:41+00:00","twitter_card":"summary_large_image","twitter_misc":{"Gesch\u00e4tzte Lesezeit":"4\u00a0Minuten"},"schema":{"@context":"https:\/\/schema.org","@graph":[{"@type":"WebPage","@id":"https:\/\/bleudumaine.nl\/privacy-policy\/","url":"https:\/\/bleudumaine.nl\/privacy-policy\/","name":"Privacy Policy - Stamboek Bleu du maine","isPartOf":{"@id":"https:\/\/bleudumaine.nl\/#website"},"datePublished":"2021-05-27T06:30:51+00:00","dateModified":"2024-01-24T18:57:41+00:00","breadcrumb":{"@id":"https:\/\/bleudumaine.nl\/privacy-policy\/#breadcrumb"},"inLanguage":"de","potentialAction":[{"@type":"ReadAction","target":["https:\/\/bleudumaine.nl\/privacy-policy\/"]}]},{"@type":"BreadcrumbList","@id":"https:\/\/bleudumaine.nl\/privacy-policy\/#breadcrumb","itemListElement":[{"@type":"ListItem","position":1,"name":"Home","item":"https:\/\/bleudumaine.nl\/"},{"@type":"ListItem","position":2,"name":"Privacy Policy"}]},{"@type":"WebSite","@id":"https:\/\/bleudumaine.nl\/#website","url":"https:\/\/bleudumaine.nl\/","name":"Stamboek Bleu du maine","description":"Aktiv","publisher":{"@id":"https:\/\/bleudumaine.nl\/#organization"},"potentialAction":[{"@type":"SearchAction","target":{"@type":"EntryPoint","urlTemplate":"https:\/\/bleudumaine.nl\/?s={search_term_string}"},"query-input":{"@type":"PropertyValueSpecification","valueRequired":true,"valueName":"search_term_string"}}],"inLanguage":"de"},{"@type":"Organization","@id":"https:\/\/bleudumaine.nl\/#organization","name":"Bleu du Maine","url":"https:\/\/bleudumaine.nl\/","logo":{"@type":"ImageObject","inLanguage":"de","@id":"https:\/\/bleudumaine.nl\/#\/schema\/logo\/image\/","url":"https:\/\/bleudumaine.nl\/wp-content\/uploads\/2021\/06\/cropped-Logo-Bleu-du-maine-blauw.png","contentUrl":"https:\/\/bleudumaine.nl\/wp-content\/uploads\/2021\/06\/cropped-Logo-Bleu-du-maine-blauw.png","width":1250,"height":730,"caption":"Bleu du Maine"},"image":{"@id":"https:\/\/bleudumaine.nl\/#\/schema\/logo\/image\/"}}]}},"_links":{"self":[{"href":"https:\/\/bleudumaine.nl\/de\/wp-json\/wp\/v2\/pages\/3","targetHints":{"allow":["GET"]}}],"collection":[{"href":"https:\/\/bleudumaine.nl\/de\/wp-json\/wp\/v2\/pages"}],"about":[{"href":"https:\/\/bleudumaine.nl\/de\/wp-json\/wp\/v2\/types\/page"}],"author":[{"embeddable":true,"href":"https:\/\/bleudumaine.nl\/de\/wp-json\/wp\/v2\/users\/1"}],"replies":[{"embeddable":true,"href":"https:\/\/bleudumaine.nl\/de\/wp-json\/wp\/v2\/comments?post=3"}],"version-history":[{"count":17,"href":"https:\/\/bleudumaine.nl\/de\/wp-json\/wp\/v2\/pages\/3\/revisions"}],"predecessor-version":[{"id":4275,"href":"https:\/\/bleudumaine.nl\/de\/wp-json\/wp\/v2\/pages\/3\/revisions\/4275"}],"wp:attachment":[{"href":"https:\/\/bleudumaine.nl\/de\/wp-json\/wp\/v2\/media?parent=3"}],"curies":[{"name":"wp","href":"https:\/\/api.w.org\/{rel}","templated":true}]}}